{"id":852,"date":"2023-01-09T16:29:28","date_gmt":"2023-01-09T16:29:28","guid":{"rendered":"https:\/\/goodentgroup.wpenginepowered.com\/perguntas-frequentes-sobre-curiosidades\/"},"modified":"2024-07-30T21:11:30","modified_gmt":"2024-07-30T21:11:30","slug":"perguntas-frequentes-sobre-curiosidades","status":"publish","type":"page","link":"https:\/\/goodentertainmentgroup.com\/pt-br\/perguntas-frequentes-sobre-curiosidades\/","title":{"rendered":"Perguntas frequentes sobre curiosidades"},"content":{"rendered":"\t\t<div data-elementor-type=\"wp-page\" data-elementor-id=\"852\" class=\"elementor elementor-852 elementor-421\" data-elementor-post-type=\"page\">\n\t\t\t\t\t\t<section class=\"elementor-section elementor-top-section elementor-element elementor-element-0019d8a elementor-section-boxed elementor-section-height-default elementor-section-height-default\" data-id=\"0019d8a\" data-element_type=\"section\" data-e-type=\"section\">\n\t\t\t\t\t\t<div class=\"elementor-container elementor-column-gap-default\">\n\t\t\t\t\t<div class=\"elementor-column elementor-col-100 elementor-top-column elementor-element elementor-element-ca5a3b5\" data-id=\"ca5a3b5\" data-element_type=\"column\" data-e-type=\"column\">\n\t\t\t<div class=\"elementor-widget-wrap elementor-element-populated\">\n\t\t\t\t\t\t<div class=\"elementor-element elementor-element-ddb255a elementor-widget elementor-widget-heading\" data-id=\"ddb255a\" data-element_type=\"widget\" data-e-type=\"widget\" data-widget_type=\"heading.default\">\n\t\t\t\t<div class=\"elementor-widget-container\">\n\t\t\t\t\t<h2 class=\"elementor-heading-title elementor-size-default\">Perguntas frequentes sobre as curiosidades semanais<\/h2>\t\t\t\t<\/div>\n\t\t\t\t<\/div>\n\t\t\t\t\t<\/div>\n\t\t<\/div>\n\t\t\t\t\t<\/div>\n\t\t<\/section>\n\t\t\t\t<section class=\"elementor-section elementor-top-section elementor-element elementor-element-6a2f6c9 elementor-section-boxed elementor-section-height-default elementor-section-height-default\" data-id=\"6a2f6c9\" data-element_type=\"section\" data-e-type=\"section\">\n\t\t\t\t\t\t<div class=\"elementor-container elementor-column-gap-default\">\n\t\t\t\t\t<div class=\"elementor-column elementor-col-100 elementor-top-column elementor-element elementor-element-5bae28c\" data-id=\"5bae28c\" data-element_type=\"column\" data-e-type=\"column\">\n\t\t\t<div class=\"elementor-widget-wrap elementor-element-populated\">\n\t\t\t\t\t\t<div class=\"elementor-element elementor-element-6180737 elementor-widget elementor-widget-text-editor\" data-id=\"6180737\" data-element_type=\"widget\" data-e-type=\"widget\" data-widget_type=\"text-editor.default\">\n\t\t\t\t<div class=\"elementor-widget-container\">\n\t\t\t\t\t\t\t\t\t<p style=\"text-align: center;\" align=\"center\"><span style=\"color: var( --e-global-color-text ); font-family: var( --e-global-typography-text-font-family ), Sans-serif; font-weight: var( --e-global-typography-text-font-weight ); font-size: 12pt;\">Toda semana (com exce\u00e7\u00e3o ocasional, conforme determinado pela Interpret LLC (&#8220;<\/span><b style=\"color: var( --e-global-color-text ); font-family: var( --e-global-typography-text-font-family ), Sans-serif; font-size: 12pt;\">Interpret<\/b><span style=\"color: var( --e-global-color-text ); font-family: var( --e-global-typography-text-font-family ), Sans-serif; font-weight: var( --e-global-typography-text-font-weight ); font-size: 12pt;\">&#8220;) a seu exclusivo crit\u00e9rio) o Good Gamer Group apresentar\u00e1 um Concurso de &#8220;curiosidades&#8221; ou um Sorteio em v\u00e1rias plataformas de m\u00eddia social (Twitter, Instagram, Facebook, YouTube, Reddit e TikTok). <\/span> <span style=\"color: var( --e-global-color-text ); font-family: var( --e-global-typography-text-font-family ), Sans-serif; font-weight: var( --e-global-typography-text-font-weight ); font-size: 12pt;\">&nbsp;<\/span><span style=\"color: var( --e-global-color-text ); font-family: var( --e-global-typography-text-font-family ), Sans-serif; font-weight: var( --e-global-typography-text-font-weight ); font-size: 12pt;\">Como o Good Gamer Group usa a m\u00eddia social para coletar suas participa\u00e7\u00f5es por meio da se\u00e7\u00e3o de coment\u00e1rios, <\/span><b style=\"color: var( --e-global-color-text ); font-family: var( --e-global-typography-text-font-family ), Sans-serif; font-size: 12pt;\">seus coment\u00e1rios devem ser p\u00fablicos<\/b><span style=\"color: var( --e-global-color-text ); font-family: var( --e-global-typography-text-font-family ), Sans-serif; font-weight: var( --e-global-typography-text-font-weight ); font-size: 12pt;\">. <\/span> <span style=\"color: var( --e-global-color-text ); font-family: var( --e-global-typography-text-font-family ), Sans-serif; font-weight: var( --e-global-typography-text-font-weight ); font-size: 12pt;\">&nbsp;<\/span><span style=\"color: var( --e-global-color-text ); font-family: var( --e-global-typography-text-font-family ), Sans-serif; font-weight: var( --e-global-typography-text-font-weight ); font-size: 12pt;\">Se n\u00e3o pudermos ver seus coment\u00e1rios, n\u00e3o poderemos colocar voc\u00ea em nossa lista de ganhadores aleat\u00f3rios.  <\/span><span style=\"color: var( --e-global-color-text ); font-family: var( --e-global-typography-text-font-family ), Sans-serif; font-weight: var( --e-global-typography-text-font-weight ); font-size: 12pt;\">&nbsp;&nbsp;<\/span><span style=\"color: var( --e-global-color-text ); font-family: var( --e-global-typography-text-font-family ), Sans-serif; font-weight: var( --e-global-typography-text-font-weight ); font-size: 12pt;\">Usamos o termo &#8220;trivialidade&#8221; de forma vaga porque, em algumas ocasi\u00f5es, n\u00e3o ser\u00e1 necess\u00e1rio responder corretamente a uma trivialidade para participar do sorteio aleat\u00f3rio.<\/span><\/p>\n<p><b><span style=\"font-size: 12.0pt; line-height: 107%; mso-bidi-font-family: Calibri; mso-bidi-theme-font: minor-latin;\">P: O que \u00e9 o Good Gamer Group (GGG)?<\/span><\/b><\/p>\n<p><span style=\"font-size: 12.0pt; line-height: 107%; mso-bidi-font-family: Calibri; mso-bidi-theme-font: minor-latin;\">R: O Good Gamer Group \u00e9 a comunidade de pesquisa de videogames da Interpret LLC.\nOs membros recebem convites exclusivos para participar de estudos relacionados a videogames com oportunidades de pagamento ou outras recompensas.   &nbsp;Oferecemos aos jogadores uma plataforma para que sua voz seja ouvida, compartilhando feedback sobre novos conceitos, testando jogos n\u00e3o lan\u00e7ados e nos ajudando a fazer mudan\u00e7as positivas no setor.<b><\/b><\/span><\/p>\n<p><span style=\"font-size: 12.0pt; line-height: 107%; mso-bidi-font-family: Calibri; mso-bidi-theme-font: minor-latin;\"><b>P: Como isso funciona?<\/b><\/span><\/p>\n<p><span style=\"font-size: 12.0pt; line-height: 107%; mso-bidi-font-family: Calibri; mso-bidi-theme-font: minor-latin;\">R: Toda semana, uma nova pergunta ou outra solicita\u00e7\u00e3o ser\u00e1 publicada em v\u00e1rias plataformas de m\u00eddia social, e cada plataforma apresentar\u00e1 a mesma publica\u00e7\u00e3o.\nEm seguida, coletaremos suas respostas na se\u00e7\u00e3o de coment\u00e1rios (uma resposta por plataforma). &nbsp;  Para os concursos, escolheremos as respostas mais pr\u00f3ximas ou as melhores respostas de acordo com os par\u00e2metros publicados para aquela semana (ou seja, \u00e0s vezes podem ser as 20 respostas mais pr\u00f3ximas, outras vezes podem ser todas as pessoas que responderam corretamente).\nEm seguida, selecionaremos aleatoriamente o(s) vencedor(es) e publicaremos o nome do vencedor todas as semanas em nossas plataformas de m\u00eddia social ap\u00f3s confirmarmos a elegibilidade.\nNo caso de brindes, todos os que fornecerem a resposta solicitada ser\u00e3o inclu\u00eddos em um sorteio aleat\u00f3rio.  &nbsp;  Em seguida, enviaremos uma mensagem direta ao vencedor (se poss\u00edvel) na plataforma de onde veio o coment\u00e1rio vencedor para confirmar a elegibilidade e coletar o endere\u00e7o de e-mail para o recebimento da recompensa.\nSe o vencedor for de uma plataforma de m\u00eddia social sem a possibilidade de enviar mensagens diretas, faremos o poss\u00edvel para garantir que o(s) vencedor(es) receba(m) sua recompensa. <\/span><\/p>\n<p><b><span style=\"font-size: 12.0pt; line-height: 107%; mso-bidi-font-family: Calibri; mso-bidi-theme-font: minor-latin;\">Q:<\/span><\/b><span style=\"font-size: 12.0pt; line-height: 107%; mso-bidi-font-family: Calibri; mso-bidi-theme-font: minor-latin;\"> <b>Em quais plataformas de m\u00eddia social posso participar?<\/b><\/span><\/p>\n<p><span style=\"font-size: 12.0pt; line-height: 107%; mso-bidi-font-family: Calibri; mso-bidi-theme-font: minor-latin;\">R: &nbsp;Voc\u00ea pode participar nas seguintes plataformas de m\u00eddia social<\/span><\/p>\n<p><span style=\"font-size: 12.0pt; line-height: 107%; mso-bidi-font-family: Calibri; mso-bidi-theme-font: minor-latin;\">Instagram: @goodgamergroup<br>TikTok: @goodgamergroup<br>Twitter: @goodgamergroup<br>YouTube: @GoodGamerGroup<br>Facebook: @GoodGamerGroup<br>Reddit: https:\/\/www.reddit.com\/r\/GoodGamerGroup<\/span><\/p>\n<p><span style=\"font-size: 12.0pt; line-height: 107%; mso-bidi-font-family: Calibri; mso-bidi-theme-font: minor-latin;\">&nbsp;&nbsp;&nbsp;&nbsp;&nbsp;&nbsp;&nbsp;&nbsp;&nbsp;&nbsp;&nbsp;&nbsp;&nbsp; <\/span><\/p>\n<p><b><span style=\"font-size: 12.0pt; line-height: 107%; mso-bidi-font-family: Calibri; mso-bidi-theme-font: minor-latin;\">P: Quando ser\u00e1 realizado o Trivia?<\/span><\/b><\/p>\n<p><span style=\"font-size: 12.0pt; line-height: 107%; mso-bidi-font-family: Calibri; mso-bidi-theme-font: minor-latin;\">R: Publicaremos uma pergunta todas as ter\u00e7as-feiras nas v\u00e1rias plataformas de m\u00eddia social listadas acima, por volta das 12h (hor\u00e1rio de Bras\u00edlia), e voc\u00ea ter\u00e1 at\u00e9 a quinta-feira seguinte, \u00e0s 23h59 (hor\u00e1rio de Bras\u00edlia), para comentar sua resposta.  &nbsp;Publicaremos o vencedor em cada plataforma de m\u00eddia social, independentemente de qual plataforma de m\u00eddia social seja o vencedor, por volta das 13h (hor\u00e1rio de Bras\u00edlia) de cada sexta-feira.&nbsp;  A Interpret reserva-se o direito de, ocasionalmente, tirar uma semana de folga, bem como de encerrar outras promo\u00e7\u00f5es do Trivia a qualquer momento, a seu crit\u00e9rio exclusivo.  <\/span><\/p>\n<p><b><span style=\"font-size: 12.0pt; line-height: 107%; mso-bidi-font-family: Calibri; mso-bidi-theme-font: minor-latin;\">P: Posso participar mais de uma vez?<\/span><\/b><\/p>\n<p><span style=\"font-size: 12.0pt; line-height: 107%; mso-bidi-font-family: Calibri; mso-bidi-theme-font: minor-latin;\">R: Suas respostas ser\u00e3o contabilizadas apenas uma vez por plataforma de m\u00eddia social, mas voc\u00ea pode enviar um coment\u00e1rio por plataforma de m\u00eddia social.  &nbsp;Por exemplo, se voc\u00ea publicar 5 coment\u00e1rios no Instagram, manteremos apenas uma de suas primeiras respostas e ela ser\u00e1 escolhida aleatoriamente.  &nbsp;Se voc\u00ea publicar um coment\u00e1rio no Instagram e outro no Twitter, etc., cada resposta ser\u00e1 considerada.<\/span><\/p>\n<p><b><span style=\"font-size: 12.0pt; line-height: 107%; mso-bidi-font-family: Calibri; mso-bidi-theme-font: minor-latin;\">P: Quem pode participar?<\/span><\/b><\/p>\n<p><span style=\"font-size: 12.0pt; line-height: 107%; mso-bidi-font-family: Calibri; mso-bidi-theme-font: minor-latin;\">R: Todos que atenderem aos nossos requisitos de qualifica\u00e7\u00e3o podem participar!<\/span><\/p>\n<p><b><span style=\"font-size: 12.0pt; line-height: 107%; mso-bidi-font-family: Calibri; mso-bidi-theme-font: minor-latin;\">P: Quantos ganhadores h\u00e1 a cada semana e o que posso ganhar?<\/span><\/b><\/p>\n<p><span style=\"font-size: 12.0pt; line-height: 107%; mso-bidi-font-family: Calibri; mso-bidi-theme-font: minor-latin;\">R: Geralmente, h\u00e1 um ganhador por semana, mas, \u00e0s vezes, podemos dar v\u00e1rios pr\u00eamios.  &nbsp;Na maioria dos casos, se voc\u00ea ganhar, poder\u00e1 escolher entre uma grande variedade de cart\u00f5es-presente, incluindo um Mastercard pr\u00e9-pago. O n\u00famero de ganhadores est\u00e1 sujeito a altera\u00e7\u00f5es e a postagem incluir\u00e1 o n\u00famero de ganhadores a cada semana.<\/span><\/p>\n<p><b><span style=\"font-size: 12.0pt; line-height: 107%; mso-bidi-font-family: Calibri; mso-bidi-theme-font: minor-latin;\">P: Como os vencedores s\u00e3o escolhidos?<\/span><\/b><\/p>\n<p><span style=\"font-size: 12pt; line-height: 107%;\">A:  <\/span><span style=\"font-size: 12.0pt; line-height: 107%; mso-bidi-font-family: Calibri; mso-bidi-theme-font: minor-latin;\">O vencedor ser\u00e1 escolhido aleatoriamente, e a roda ser\u00e1 girada uma vez com uma lista dos nomes aleat\u00f3rios escolhidos.  &nbsp;Em seguida, marcaremos o vencedor em cada plataforma todas as sextas-feiras em nossa postagem do vencedor.  &nbsp;Em seguida, enviaremos uma mensagem de correio eletr\u00f4nico ao vencedor para confirmar a elegibilidade e coletar o e-mail para o qual ele gostaria que o vale-presente fosse enviado. Se voc\u00ea tiver deixado um coment\u00e1rio em mais de uma plataforma de m\u00eddia social para participar do Concurso\/Sorteio e uma das inscri\u00e7\u00f5es for a vencedora, n\u00f3s lhe enviaremos uma DM na mesma plataforma de m\u00eddia social em que a sua inscri\u00e7\u00e3o vencedora apareceu.<b><\/b><\/span><\/p>\n<p><b><span style=\"font-size: 12.0pt; line-height: 107%; mso-bidi-font-family: Calibri; mso-bidi-theme-font: minor-latin;\">P: O que devo fazer se eu ganhar e n\u00e3o receber um cart\u00e3o-presente ou se o cart\u00e3o-presente que recebi n\u00e3o funcionar?<\/span><\/b><\/p>\n<p><span style=\"font-size: 12.0pt; line-height: 107%; mso-bidi-font-family: Calibri; mso-bidi-theme-font: minor-latin;\">R: Se o seu cart\u00e3o-presente n\u00e3o funcionar ou se voc\u00ea ganhou e n\u00e3o recebeu o cart\u00e3o-presente, envie-nos um e-mail para <\/span><a href=\"mailto:ggg-social@interpret.la\"><span style=\"font-size: 12.0pt; line-height: 107%; mso-bidi-font-family: Calibri; mso-bidi-theme-font: minor-latin;\">ggg-social (AT) interpret.la<\/span><\/a><span style=\"font-size: 12.0pt; line-height: 107%; mso-bidi-font-family: Calibri; mso-bidi-theme-font: minor-latin;\">. &nbsp;Forne\u00e7a a plataforma de m\u00eddia social na qual voc\u00ea recebeu a DM, o nome de usu\u00e1rio da sua conta e o e-mail que voc\u00ea forneceu inicialmente para garantir a resolu\u00e7\u00e3o mais r\u00e1pida desse problema.<\/span><\/p>\n<p><b><span style=\"font-size: 12.0pt; line-height: 107%; mso-bidi-font-family: Calibri; mso-bidi-theme-font: minor-latin;\">P: Para uma de suas perguntas triviais, encontrei um site que diz que a resposta \u00e9 diferente da que voc\u00ea revelou?<\/span><\/b><\/p>\n<p><span style=\"font-size: 12.0pt; line-height: 107%; mso-bidi-font-family: Calibri; mso-bidi-theme-font: minor-latin;\">R: A Interpret se reserva o direito de determinar a resposta correta a seu exclusivo crit\u00e9rio.  &nbsp;Entendemos que a World Wide Web e outras fontes podem, \u00e0s vezes, conter informa\u00e7\u00f5es contradit\u00f3rias, e n\u00e3o somos respons\u00e1veis pela forma como outras pessoas chegam aos fatos. Temos muito orgulho de como coletamos e analisamos os dados.  &nbsp;Salvo indica\u00e7\u00e3o em contr\u00e1rio na postagem semanal, a resposta correta \u00e9 determinada pelos dados coletados pela Interpret LLC.<\/span><\/p>\n<p><span style=\"font-size: 12pt; line-height: 107%;\"><b>P: H\u00e1 alguma regra oficial?<br><br><\/b><\/span><span style=\"font-size: 12pt; font-family: var( --e-global-typography-text-font-family ), Sans-serif; font-weight: var( --e-global-typography-text-font-weight );\">R: Sim, este FAQ foi criado para explicar as promo\u00e7\u00f5es em uma linguagem simples.&nbsp;<\/span><u style=\"font-size: 12pt; font-family: var( --e-global-typography-text-font-family ), Sans-serif; font-weight: var( --e-global-typography-text-font-weight );\"><b><a href=\"https:\/\/goodentertainmentgroup.com\/official-rules-contests-promotions\/\">Regras oficiais para nossos concursos\/brindes para obter todos os detalhes legais.<\/a>&nbsp;<br><br><\/b><\/u><\/p>\t\t\t\t\t\t\t\t<\/div>\n\t\t\t\t<\/div>\n\t\t\t\t\t<\/div>\n\t\t<\/div>\n\t\t\t\t\t<\/div>\n\t\t<\/section>\n\t\t\t\t<\/div>\n\t\t","protected":false},"excerpt":{"rendered":"<p>Perguntas frequentes sobre as curiosidades semanais Toda semana (com exce\u00e7\u00e3o ocasional, conforme determinado pela Interpret LLC (&#8220;Interpret&#8220;) a seu exclusivo crit\u00e9rio) o Good Gamer Group apresentar\u00e1 um Concurso de &#8220;curiosidades&#8221; ou um Sorteio em v\u00e1rias plataformas de m\u00eddia social (Twitter, Instagram, Facebook, YouTube, Reddit e TikTok). &nbsp;Como o Good Gamer Group usa a m\u00eddia social [&hellip;]<\/p>\n","protected":false},"author":3,"featured_media":0,"parent":0,"menu_order":0,"comment_status":"closed","ping_status":"closed","template":"","meta":{"_acf_changed":false,"content-type":"","footnotes":""},"class_list":["post-852","page","type-page","status-publish","hentry"],"acf":[],"_links":{"self":[{"href":"https:\/\/goodentertainmentgroup.com\/pt-br\/wp-json\/wp\/v2\/pages\/852","targetHints":{"allow":["GET"]}}],"collection":[{"href":"https:\/\/goodentertainmentgroup.com\/pt-br\/wp-json\/wp\/v2\/pages"}],"about":[{"href":"https:\/\/goodentertainmentgroup.com\/pt-br\/wp-json\/wp\/v2\/types\/page"}],"author":[{"embeddable":true,"href":"https:\/\/goodentertainmentgroup.com\/pt-br\/wp-json\/wp\/v2\/users\/3"}],"replies":[{"embeddable":true,"href":"https:\/\/goodentertainmentgroup.com\/pt-br\/wp-json\/wp\/v2\/comments?post=852"}],"version-history":[{"count":0,"href":"https:\/\/goodentertainmentgroup.com\/pt-br\/wp-json\/wp\/v2\/pages\/852\/revisions"}],"wp:attachment":[{"href":"https:\/\/goodentertainmentgroup.com\/pt-br\/wp-json\/wp\/v2\/media?parent=852"}],"curies":[{"name":"wp","href":"https:\/\/api.w.org\/{rel}","templated":true}]}}